{"id":24,"date":"2021-07-09T10:20:30","date_gmt":"2021-07-09T10:20:30","guid":{"rendered":"http:\/\/studio8.at\/?page_id=24"},"modified":"2024-12-14T19:01:31","modified_gmt":"2024-12-14T19:01:31","slug":"studo","status":"publish","type":"page","link":"https:\/\/studio8.at\/index.php\/studo\/","title":{"rendered":"Stud!o"},"content":{"rendered":"\n<p>WAS ?<\/p>\n\n\n\n<p>Das Ferienappartement Stud!o_8 wurde 2020 im Zentrum der Gemeinde Bezau,  in  \u00f6kologischer Bauweise als Wohn und Gesch\u00e4ftshaus \u2013 genannt \u201eKomot\u201c \u2010 errichtet. Das Geb\u00e4ude beherbergt nicht nur das Appartement<br> Studio 8 im zweiten Obergeschoss (welches barrierefrei mit Lift erreichbar ist), sondern auch einige Gesch\u00e4fte und Gastronomie, im Erdgeschoss.   In drei Minuten Gehzeit sind der Busbahnhof  und das W\u00e4lderb\u00e4hnle<br> erreichbar.  Die Lage erlaubt  eine sehr gute Anbindung an den \u00d6ffentlichen Verkehr. Der Skibus und der Bregenzer\u2010 Festspielbus halten direkt vor der Haust\u00fcr. In drei Richtungen  bieten die gro\u00dfen Fenster einen<br> wunderbaren Blick auf die  Berge und die  umliegende Natur. Wanderwege und Loipen nehmen  hier ihren Anfang und ermutigen zu vielseitigen  Aktivit\u00e4ten an der frischen Luft des Bregenzerwaldes. Kulinarisch. Wird<br> ein  gro\u00dfes Angebot geboten. Ob elegant und luxuri\u00f6s bis unkompliziert casual, alles ist  zu Fu\u00df und barrierefrei erreichbar. Mit dieser Unterkunft wird Diversit\u00e4t und Offenheit  in der l\u00e4ndlichen Umgebung zelebriert und<br> durch das neuartige Konzept wird  Kunst und Kultur gef\u00f6rdert. <\/p>\n\n\n\n<p>Das ist die NEUE Art den Bregenzerwald kennenzulernen! Sei mein Gast!<\/p>\n\n\n\n<ul class=\"wp-block-list\"><li>Das bietet Ihnen ein Aufenthalt im Ferienappartement Stud!o_8 1 \u2010 5 Personen <br> &#8211; 2 separate Schlafzimmer (2 Doppelbetten mit je zwei Kissen und Decken +Bettw\u00e4sche) + Handt\u00fccher (Meraki) pro Gast.  <ul><li>&#8211; 1 offener Wohnraum (optional mit Einzelbett + Kissen und Bettdecke + Bettw\u00e4sche) &#8211; Reisebett f\u00fcr Kleinkind bis 3 Jahre auf Wunsch! sowie Tischsitz. <br><\/li><li> 1 offene Wohnk\u00fcche mit Komplettausstattung <br> Induktion Elektro\u2010 Herd, Dampfabzug, Elektro\u2010 Backofen, Geschirrsp\u00fcler mit Taps, Kaffeemaschine mit<br> Kapseln bzw. Kaffee gemahlen, normal und entkoffeiniert.   Putzlappen, Geschirrt\u00fccher, Sp\u00fclmittel, K\u00fchlschrank mit Gefrierkombi<br> (Eisw\u00fcrfel verf\u00fcgbar), Geschirr, Besteck, T\u00f6pfe und Pfannen, Gl\u00e4ser und Becher,<\/li><li>einige vorr\u00e4tige Lebensmittel (Essig, \u00d6l, Salz, Pfeffer, Gew\u00fcrz Sortiment, Zucker), Kakao (2 Bio- Kakaospezialit\u00e4ten von SONNENTOR!)<\/li><li>Tees &#8211; verschiedene Sorten)<\/li><li>&#8211; M\u00fclltrennsystem, Handsauger<br><\/li><\/ul><\/li><li>M\u00f6blierung Wohnraum:<ul><li>&#8211; Tisch mit St\u00fchlen f\u00fcr 6 Personen im Innenraum<br> &#8211; Tisch mit 6 St\u00fchlen + 2 Lounge Sessel mit Fell variabel f\u00fcr die kalten Tage &#8211; im Au\u00dfenbereich \u2010 Terrasse (+ Begr\u00fcnung und Outdoor Kerze )<br> &#8211; 3 Polster Sessel mit 2 Tischchen \u2010 zum lesen und Musikh\u00f6ren<br><\/li><\/ul><\/li><li>Badezimmer Ausstattung: <ul><li>WC separat mit T\u00fcr (+ Klopapier)<\/li><li>Badewanne (+ Badezusatz) <\/li><li>Dusche (+ Meraki Pflegeprodukte \u2013 Shampoo, Conditioner, Duschgel), <\/li><li>Haartrockner<br><\/li><li>1 Waschbecken mit Seifenspender + 2 Keramik Becher, Spiegel mit Beleuchtung, <br><\/li><li> Waschmaschine + Pulver,  Trockner (im Kellerabteil) <br> Bodenheizung (Zentral, Fernw\u00e4rme, Solar) <br> &#8211; <\/li><\/ul><\/li><li>Ausstattung: -Handdesinfektion im Eingangsbereich<br> &#8211; WLAN gratis<br> &#8211; Sonos Soundsystem<br> &#8211; A1 \u2013 Smart TV  mit Beamer und Leinwand<br> &#8211; Pime Video, Netflix, Canal+<br> &#8211; Terrasse<br> &#8211; Fahrradkeller<br> &#8211; Tiefgarage (ein Abstellplatz)<br> &#8211; Au\u00dfen\u2010 Parkpl\u00e4tze gratis<br> &#8211; Gastronomie im Erdgeschoss<br> &#8211; Reisen mit Kindern: Reisebett, Tischsitz, einige Spielsachen<br> &#8211; Reisebibliothek, Gesellschaftsspiele (Sortiment)<br> &#8211; Nintendo switch &#8211; auf Wunsch<\/li><li>Anreise: (vorab Pre- CheckIn \u00fcber Gastportal online) Check in ab 14:00 Uhr bis 16:00 Uhr, kontaktfrei auf Anfrage! <\/li><li>Abreise: Check out bis 10:00 Uhr<\/li><\/ul>\n\n\n\n<figure class=\"wp-block-image\"><img loading=\"lazy\" decoding=\"async\" width=\"1024\" height=\"724\" src=\"https:\/\/studio8.at\/wp-content\/uploads\/2021\/07\/Grundriss_2021_04_08-1024x724.jpg\" alt=\"\" class=\"wp-image-37\" srcset=\"https:\/\/studio8.at\/wp-content\/uploads\/2021\/07\/Grundriss_2021_04_08-1024x724.jpg 1024w, https:\/\/studio8.at\/wp-content\/uploads\/2021\/07\/Grundriss_2021_04_08-300x212.jpg 300w, https:\/\/studio8.at\/wp-content\/uploads\/2021\/07\/Grundriss_2021_04_08-768x543.jpg 768w\" sizes=\"auto, (max-width: 1024px) 100vw, 1024px\" \/><figcaption>Grundriss genordet<br><\/figcaption><\/figure>\n\n\n\n<ul class=\"wp-block-gallery columns-3 is-cropped wp-block-gallery-1 is-layout-flex wp-block-gallery-is-layout-flex\"><li class=\"blocks-gallery-item\"><figure><img loading=\"lazy\" decoding=\"async\" width=\"1024\" height=\"683\" src=\"https:\/\/studio8.at\/wp-content\/uploads\/2021\/07\/komotfewo-103-1024x683.jpg\" alt=\"\" data-id=\"38\" data-link=\"https:\/\/studio8.at\/index.php\/studo\/komotfewo-103\/\" class=\"wp-image-38\" srcset=\"https:\/\/studio8.at\/wp-content\/uploads\/2021\/07\/komotfewo-103-1024x683.jpg 1024w, https:\/\/studio8.at\/wp-content\/uploads\/2021\/07\/komotfewo-103-300x200.jpg 300w, https:\/\/studio8.at\/wp-content\/uploads\/2021\/07\/komotfewo-103-768x512.jpg 768w\" sizes=\"auto, (max-width: 1024px) 100vw, 1024px\" \/><\/figure><\/li><li class=\"blocks-gallery-item\"><figure><img loading=\"lazy\" decoding=\"async\" width=\"1024\" height=\"683\" src=\"https:\/\/studio8.at\/wp-content\/uploads\/2021\/07\/komotfewo-114-1024x683.jpg\" alt=\"\" data-id=\"39\" data-link=\"https:\/\/studio8.at\/index.php\/studo\/komotfewo-114\/\" class=\"wp-image-39\" srcset=\"https:\/\/studio8.at\/wp-content\/uploads\/2021\/07\/komotfewo-114-1024x683.jpg 1024w, https:\/\/studio8.at\/wp-content\/uploads\/2021\/07\/komotfewo-114-300x200.jpg 300w, https:\/\/studio8.at\/wp-content\/uploads\/2021\/07\/komotfewo-114-768x512.jpg 768w\" sizes=\"auto, (max-width: 1024px) 100vw, 1024px\" \/><\/figure><\/li><li class=\"blocks-gallery-item\"><figure><img loading=\"lazy\" decoding=\"async\" width=\"1024\" height=\"683\" src=\"https:\/\/studio8.at\/wp-content\/uploads\/2021\/07\/komotfewo-122-1024x683.jpg\" alt=\"\" data-id=\"40\" data-link=\"https:\/\/studio8.at\/index.php\/studo\/komotfewo-122\/\" class=\"wp-image-40\" srcset=\"https:\/\/studio8.at\/wp-content\/uploads\/2021\/07\/komotfewo-122-1024x683.jpg 1024w, https:\/\/studio8.at\/wp-content\/uploads\/2021\/07\/komotfewo-122-300x200.jpg 300w, https:\/\/studio8.at\/wp-content\/uploads\/2021\/07\/komotfewo-122-768x512.jpg 768w\" sizes=\"auto, (max-width: 1024px) 100vw, 1024px\" \/><\/figure><\/li><li class=\"blocks-gallery-item\"><figure><img loading=\"lazy\" decoding=\"async\" width=\"1024\" height=\"683\" src=\"https:\/\/studio8.at\/wp-content\/uploads\/2021\/07\/komotfewo-138-1024x683.jpg\" alt=\"\" data-id=\"41\" data-link=\"https:\/\/studio8.at\/index.php\/studo\/komotfewo-138\/\" class=\"wp-image-41\" srcset=\"https:\/\/studio8.at\/wp-content\/uploads\/2021\/07\/komotfewo-138-1024x683.jpg 1024w, https:\/\/studio8.at\/wp-content\/uploads\/2021\/07\/komotfewo-138-300x200.jpg 300w, https:\/\/studio8.at\/wp-content\/uploads\/2021\/07\/komotfewo-138-768x512.jpg 768w\" sizes=\"auto, (max-width: 1024px) 100vw, 1024px\" \/><\/figure><\/li><li class=\"blocks-gallery-item\"><figure><img loading=\"lazy\" decoding=\"async\" width=\"1024\" height=\"624\" src=\"https:\/\/studio8.at\/wp-content\/uploads\/2021\/07\/komotfewo-151-1024x624.jpg\" alt=\"\" data-id=\"42\" data-link=\"https:\/\/studio8.at\/index.php\/studo\/komotfewo-151\/\" class=\"wp-image-42\" srcset=\"https:\/\/studio8.at\/wp-content\/uploads\/2021\/07\/komotfewo-151-1024x624.jpg 1024w, https:\/\/studio8.at\/wp-content\/uploads\/2021\/07\/komotfewo-151-300x183.jpg 300w, https:\/\/studio8.at\/wp-content\/uploads\/2021\/07\/komotfewo-151-768x468.jpg 768w\" sizes=\"auto, (max-width: 1024px) 100vw, 1024px\" \/><\/figure><\/li><li class=\"blocks-gallery-item\"><figure><img loading=\"lazy\" decoding=\"async\" width=\"1024\" height=\"683\" src=\"https:\/\/studio8.at\/wp-content\/uploads\/2021\/07\/komotfewo-162-1024x683.jpg\" alt=\"\" data-id=\"43\" data-link=\"https:\/\/studio8.at\/index.php\/studo\/komotfewo-162\/\" class=\"wp-image-43\" srcset=\"https:\/\/studio8.at\/wp-content\/uploads\/2021\/07\/komotfewo-162-1024x683.jpg 1024w, https:\/\/studio8.at\/wp-content\/uploads\/2021\/07\/komotfewo-162-300x200.jpg 300w, https:\/\/studio8.at\/wp-content\/uploads\/2021\/07\/komotfewo-162-768x512.jpg 768w\" sizes=\"auto, (max-width: 1024px) 100vw, 1024px\" \/><\/figure><\/li><li class=\"blocks-gallery-item\"><figure><img loading=\"lazy\" decoding=\"async\" width=\"1024\" height=\"683\" src=\"https:\/\/studio8.at\/wp-content\/uploads\/2021\/07\/komotfewo-168-1024x683.jpg\" alt=\"\" data-id=\"44\" data-link=\"https:\/\/studio8.at\/index.php\/studo\/komotfewo-168\/\" class=\"wp-image-44\" srcset=\"https:\/\/studio8.at\/wp-content\/uploads\/2021\/07\/komotfewo-168-1024x683.jpg 1024w, https:\/\/studio8.at\/wp-content\/uploads\/2021\/07\/komotfewo-168-300x200.jpg 300w, https:\/\/studio8.at\/wp-content\/uploads\/2021\/07\/komotfewo-168-768x512.jpg 768w\" sizes=\"auto, (max-width: 1024px) 100vw, 1024px\" \/><\/figure><\/li><li class=\"blocks-gallery-item\"><figure><img loading=\"lazy\" decoding=\"async\" width=\"1024\" height=\"683\" src=\"https:\/\/studio8.at\/wp-content\/uploads\/2021\/07\/komotfewo-169-1024x683.jpg\" alt=\"\" data-id=\"45\" data-link=\"https:\/\/studio8.at\/index.php\/studo\/komotfewo-169\/\" class=\"wp-image-45\" srcset=\"https:\/\/studio8.at\/wp-content\/uploads\/2021\/07\/komotfewo-169-1024x683.jpg 1024w, https:\/\/studio8.at\/wp-content\/uploads\/2021\/07\/komotfewo-169-300x200.jpg 300w, https:\/\/studio8.at\/wp-content\/uploads\/2021\/07\/komotfewo-169-768x512.jpg 768w\" sizes=\"auto, (max-width: 1024px) 100vw, 1024px\" \/><\/figure><\/li><li class=\"blocks-gallery-item\"><figure><img loading=\"lazy\" decoding=\"async\" width=\"1024\" height=\"683\" src=\"https:\/\/studio8.at\/wp-content\/uploads\/2021\/07\/komotfewo-173-1024x683.jpg\" alt=\"\" data-id=\"46\" data-link=\"https:\/\/studio8.at\/index.php\/studo\/komotfewo-173\/\" class=\"wp-image-46\" srcset=\"https:\/\/studio8.at\/wp-content\/uploads\/2021\/07\/komotfewo-173-1024x683.jpg 1024w, https:\/\/studio8.at\/wp-content\/uploads\/2021\/07\/komotfewo-173-300x200.jpg 300w, https:\/\/studio8.at\/wp-content\/uploads\/2021\/07\/komotfewo-173-768x512.jpg 768w\" sizes=\"auto, (max-width: 1024px) 100vw, 1024px\" \/><\/figure><\/li><li class=\"blocks-gallery-item\"><figure><img loading=\"lazy\" decoding=\"async\" width=\"1024\" height=\"683\" src=\"https:\/\/studio8.at\/wp-content\/uploads\/2021\/07\/komotfewo-178-1024x683.jpg\" alt=\"\" data-id=\"47\" data-link=\"https:\/\/studio8.at\/index.php\/studo\/komotfewo-178\/\" class=\"wp-image-47\" srcset=\"https:\/\/studio8.at\/wp-content\/uploads\/2021\/07\/komotfewo-178-1024x683.jpg 1024w, https:\/\/studio8.at\/wp-content\/uploads\/2021\/07\/komotfewo-178-300x200.jpg 300w, https:\/\/studio8.at\/wp-content\/uploads\/2021\/07\/komotfewo-178-768x512.jpg 768w\" sizes=\"auto, (max-width: 1024px) 100vw, 1024px\" \/><\/figure><\/li><li class=\"blocks-gallery-item\"><figure><img loading=\"lazy\" decoding=\"async\" width=\"1024\" height=\"683\" src=\"https:\/\/studio8.at\/wp-content\/uploads\/2021\/07\/komotfewo-182-1024x683.jpg\" alt=\"\" data-id=\"48\" data-link=\"https:\/\/studio8.at\/index.php\/studo\/komotfewo-182\/\" class=\"wp-image-48\" srcset=\"https:\/\/studio8.at\/wp-content\/uploads\/2021\/07\/komotfewo-182-1024x683.jpg 1024w, https:\/\/studio8.at\/wp-content\/uploads\/2021\/07\/komotfewo-182-300x200.jpg 300w, https:\/\/studio8.at\/wp-content\/uploads\/2021\/07\/komotfewo-182-768x512.jpg 768w\" sizes=\"auto, (max-width: 1024px) 100vw, 1024px\" \/><\/figure><\/li><li class=\"blocks-gallery-item\"><figure><img loading=\"lazy\" decoding=\"async\" width=\"1024\" height=\"683\" src=\"https:\/\/studio8.at\/wp-content\/uploads\/2021\/07\/komotfewo-185-1024x683.jpg\" alt=\"\" data-id=\"49\" data-link=\"https:\/\/studio8.at\/index.php\/studo\/komotfewo-185\/\" class=\"wp-image-49\" srcset=\"https:\/\/studio8.at\/wp-content\/uploads\/2021\/07\/komotfewo-185-1024x683.jpg 1024w, https:\/\/studio8.at\/wp-content\/uploads\/2021\/07\/komotfewo-185-300x200.jpg 300w, https:\/\/studio8.at\/wp-content\/uploads\/2021\/07\/komotfewo-185-768x512.jpg 768w\" sizes=\"auto, (max-width: 1024px) 100vw, 1024px\" \/><\/figure><\/li><li class=\"blocks-gallery-item\"><figure><img loading=\"lazy\" decoding=\"async\" width=\"1024\" height=\"683\" src=\"https:\/\/studio8.at\/wp-content\/uploads\/2021\/07\/komotfewo-196-1024x683.jpg\" alt=\"\" data-id=\"50\" data-link=\"https:\/\/studio8.at\/index.php\/studo\/komotfewo-196\/\" class=\"wp-image-50\" srcset=\"https:\/\/studio8.at\/wp-content\/uploads\/2021\/07\/komotfewo-196-1024x683.jpg 1024w, https:\/\/studio8.at\/wp-content\/uploads\/2021\/07\/komotfewo-196-300x200.jpg 300w, https:\/\/studio8.at\/wp-content\/uploads\/2021\/07\/komotfewo-196-768x512.jpg 768w\" sizes=\"auto, (max-width: 1024px) 100vw, 1024px\" \/><\/figure><\/li><li class=\"blocks-gallery-item\"><figure><img loading=\"lazy\" decoding=\"async\" width=\"1024\" height=\"683\" src=\"https:\/\/studio8.at\/wp-content\/uploads\/2021\/07\/komotfewo-205-1024x683.jpg\" alt=\"\" data-id=\"51\" data-link=\"https:\/\/studio8.at\/index.php\/studo\/komotfewo-205\/\" class=\"wp-image-51\" srcset=\"https:\/\/studio8.at\/wp-content\/uploads\/2021\/07\/komotfewo-205-1024x683.jpg 1024w, https:\/\/studio8.at\/wp-content\/uploads\/2021\/07\/komotfewo-205-300x200.jpg 300w, https:\/\/studio8.at\/wp-content\/uploads\/2021\/07\/komotfewo-205-768x512.jpg 768w\" sizes=\"auto, (max-width: 1024px) 100vw, 1024px\" \/><\/figure><\/li><li class=\"blocks-gallery-item\"><figure><img loading=\"lazy\" decoding=\"async\" width=\"683\" height=\"1024\" src=\"https:\/\/studio8.at\/wp-content\/uploads\/2021\/07\/komotfewo-216-683x1024.jpg\" alt=\"\" data-id=\"52\" data-link=\"https:\/\/studio8.at\/index.php\/studo\/komotfewo-216\/\" class=\"wp-image-52\" srcset=\"https:\/\/studio8.at\/wp-content\/uploads\/2021\/07\/komotfewo-216-683x1024.jpg 683w, https:\/\/studio8.at\/wp-content\/uploads\/2021\/07\/komotfewo-216-200x300.jpg 200w, https:\/\/studio8.at\/wp-content\/uploads\/2021\/07\/komotfewo-216-768x1152.jpg 768w, https:\/\/studio8.at\/wp-content\/uploads\/2021\/07\/komotfewo-216.jpg 1667w\" sizes=\"auto, (max-width: 683px) 100vw, 683px\" \/><\/figure><\/li><li class=\"blocks-gallery-item\"><figure><img loading=\"lazy\" decoding=\"async\" width=\"683\" height=\"1024\" src=\"https:\/\/studio8.at\/wp-content\/uploads\/2021\/07\/komotfewo-220-683x1024.jpg\" alt=\"\" data-id=\"53\" data-link=\"https:\/\/studio8.at\/index.php\/studo\/komotfewo-220\/\" class=\"wp-image-53\" srcset=\"https:\/\/studio8.at\/wp-content\/uploads\/2021\/07\/komotfewo-220-683x1024.jpg 683w, https:\/\/studio8.at\/wp-content\/uploads\/2021\/07\/komotfewo-220-200x300.jpg 200w, https:\/\/studio8.at\/wp-content\/uploads\/2021\/07\/komotfewo-220-768x1152.jpg 768w, https:\/\/studio8.at\/wp-content\/uploads\/2021\/07\/komotfewo-220.jpg 1667w\" sizes=\"auto, (max-width: 683px) 100vw, 683px\" \/><\/figure><\/li><li class=\"blocks-gallery-item\"><figure><img loading=\"lazy\" decoding=\"async\" width=\"1024\" height=\"683\" src=\"https:\/\/studio8.at\/wp-content\/uploads\/2021\/07\/komotfewo-238-1024x683.jpg\" alt=\"\" data-id=\"54\" data-link=\"https:\/\/studio8.at\/index.php\/studo\/komotfewo-238\/\" class=\"wp-image-54\" srcset=\"https:\/\/studio8.at\/wp-content\/uploads\/2021\/07\/komotfewo-238-1024x683.jpg 1024w, https:\/\/studio8.at\/wp-content\/uploads\/2021\/07\/komotfewo-238-300x200.jpg 300w, https:\/\/studio8.at\/wp-content\/uploads\/2021\/07\/komotfewo-238-768x512.jpg 768w\" sizes=\"auto, (max-width: 1024px) 100vw, 1024px\" \/><\/figure><\/li><li class=\"blocks-gallery-item\"><figure><img loading=\"lazy\" decoding=\"async\" width=\"1024\" height=\"683\" src=\"https:\/\/studio8.at\/wp-content\/uploads\/2021\/07\/komotfewo-253-1024x683.jpg\" alt=\"\" data-id=\"55\" data-link=\"https:\/\/studio8.at\/index.php\/studo\/komotfewo-253\/\" class=\"wp-image-55\" srcset=\"https:\/\/studio8.at\/wp-content\/uploads\/2021\/07\/komotfewo-253-1024x683.jpg 1024w, https:\/\/studio8.at\/wp-content\/uploads\/2021\/07\/komotfewo-253-300x200.jpg 300w, https:\/\/studio8.at\/wp-content\/uploads\/2021\/07\/komotfewo-253-768x512.jpg 768w\" sizes=\"auto, (max-width: 1024px) 100vw, 1024px\" \/><\/figure><\/li><li class=\"blocks-gallery-item\"><figure><img loading=\"lazy\" decoding=\"async\" width=\"1024\" height=\"683\" src=\"https:\/\/studio8.at\/wp-content\/uploads\/2021\/07\/komotfewo-261-1024x683.jpg\" alt=\"\" data-id=\"56\" data-link=\"https:\/\/studio8.at\/index.php\/studo\/komotfewo-261\/\" class=\"wp-image-56\" srcset=\"https:\/\/studio8.at\/wp-content\/uploads\/2021\/07\/komotfewo-261-1024x683.jpg 1024w, https:\/\/studio8.at\/wp-content\/uploads\/2021\/07\/komotfewo-261-300x200.jpg 300w, https:\/\/studio8.at\/wp-content\/uploads\/2021\/07\/komotfewo-261-768x512.jpg 768w\" sizes=\"auto, (max-width: 1024px) 100vw, 1024px\" \/><\/figure><\/li><li class=\"blocks-gallery-item\"><figure><img loading=\"lazy\" decoding=\"async\" width=\"1024\" height=\"683\" src=\"https:\/\/studio8.at\/wp-content\/uploads\/2021\/07\/komotfewo-274-1024x683.jpg\" alt=\"\" data-id=\"57\" data-link=\"https:\/\/studio8.at\/index.php\/studo\/komotfewo-274\/\" class=\"wp-image-57\" srcset=\"https:\/\/studio8.at\/wp-content\/uploads\/2021\/07\/komotfewo-274-1024x683.jpg 1024w, https:\/\/studio8.at\/wp-content\/uploads\/2021\/07\/komotfewo-274-300x200.jpg 300w, https:\/\/studio8.at\/wp-content\/uploads\/2021\/07\/komotfewo-274-768x512.jpg 768w\" sizes=\"auto, (max-width: 1024px) 100vw, 1024px\" \/><\/figure><\/li><li class=\"blocks-gallery-item\"><figure><img loading=\"lazy\" decoding=\"async\" width=\"1024\" height=\"683\" src=\"https:\/\/studio8.at\/wp-content\/uploads\/2021\/07\/komotfewo-276-1024x683.jpg\" alt=\"\" data-id=\"58\" data-link=\"https:\/\/studio8.at\/index.php\/studo\/komotfewo-276\/\" class=\"wp-image-58\" srcset=\"https:\/\/studio8.at\/wp-content\/uploads\/2021\/07\/komotfewo-276-1024x683.jpg 1024w, https:\/\/studio8.at\/wp-content\/uploads\/2021\/07\/komotfewo-276-300x200.jpg 300w, https:\/\/studio8.at\/wp-content\/uploads\/2021\/07\/komotfewo-276-768x512.jpg 768w\" sizes=\"auto, (max-width: 1024px) 100vw, 1024px\" \/><\/figure><\/li><li class=\"blocks-gallery-item\"><figure><img loading=\"lazy\" decoding=\"async\" width=\"1024\" height=\"683\" src=\"https:\/\/studio8.at\/wp-content\/uploads\/2021\/07\/komotfewo-288-1024x683.jpg\" alt=\"\" data-id=\"59\" data-link=\"https:\/\/studio8.at\/index.php\/studo\/komotfewo-288\/\" class=\"wp-image-59\" srcset=\"https:\/\/studio8.at\/wp-content\/uploads\/2021\/07\/komotfewo-288-1024x683.jpg 1024w, https:\/\/studio8.at\/wp-content\/uploads\/2021\/07\/komotfewo-288-300x200.jpg 300w, https:\/\/studio8.at\/wp-content\/uploads\/2021\/07\/komotfewo-288-768x512.jpg 768w\" sizes=\"auto, (max-width: 1024px) 100vw, 1024px\" \/><\/figure><\/li><li class=\"blocks-gallery-item\"><figure><img loading=\"lazy\" decoding=\"async\" width=\"683\" height=\"1024\" src=\"https:\/\/studio8.at\/wp-content\/uploads\/2021\/07\/komotfewo-297-683x1024.jpg\" alt=\"\" data-id=\"60\" data-link=\"https:\/\/studio8.at\/index.php\/studo\/komotfewo-297\/\" class=\"wp-image-60\" srcset=\"https:\/\/studio8.at\/wp-content\/uploads\/2021\/07\/komotfewo-297-683x1024.jpg 683w, https:\/\/studio8.at\/wp-content\/uploads\/2021\/07\/komotfewo-297-200x300.jpg 200w, https:\/\/studio8.at\/wp-content\/uploads\/2021\/07\/komotfewo-297-768x1152.jpg 768w, https:\/\/studio8.at\/wp-content\/uploads\/2021\/07\/komotfewo-297.jpg 1667w\" sizes=\"auto, (max-width: 683px) 100vw, 683px\" \/><\/figure><\/li><li class=\"blocks-gallery-item\"><figure><img loading=\"lazy\" decoding=\"async\" width=\"1024\" height=\"683\" src=\"https:\/\/studio8.at\/wp-content\/uploads\/2021\/07\/komotfewo-238-1-1024x683.jpg\" alt=\"\" data-id=\"64\" data-link=\"https:\/\/studio8.at\/index.php\/studo\/komotfewo-238-2\/\" class=\"wp-image-64\" srcset=\"https:\/\/studio8.at\/wp-content\/uploads\/2021\/07\/komotfewo-238-1-1024x683.jpg 1024w, https:\/\/studio8.at\/wp-content\/uploads\/2021\/07\/komotfewo-238-1-300x200.jpg 300w, https:\/\/studio8.at\/wp-content\/uploads\/2021\/07\/komotfewo-238-1-768x512.jpg 768w\" sizes=\"auto, (max-width: 1024px) 100vw, 1024px\" \/><\/figure><\/li><li class=\"blocks-gallery-item\"><figure><img loading=\"lazy\" decoding=\"async\" width=\"1024\" height=\"683\" src=\"https:\/\/studio8.at\/wp-content\/uploads\/2021\/07\/komotfewo-232-1024x683.jpg\" alt=\"\" data-id=\"65\" data-link=\"https:\/\/studio8.at\/index.php\/studo\/komotfewo-232\/\" class=\"wp-image-65\" srcset=\"https:\/\/studio8.at\/wp-content\/uploads\/2021\/07\/komotfewo-232-1024x683.jpg 1024w, https:\/\/studio8.at\/wp-content\/uploads\/2021\/07\/komotfewo-232-300x200.jpg 300w, https:\/\/studio8.at\/wp-content\/uploads\/2021\/07\/komotfewo-232-768x512.jpg 768w\" sizes=\"auto, (max-width: 1024px) 100vw, 1024px\" \/><\/figure><\/li><li class=\"blocks-gallery-item\"><figure><img loading=\"lazy\" decoding=\"async\" width=\"1024\" height=\"683\" src=\"https:\/\/studio8.at\/wp-content\/uploads\/2021\/07\/komotfewo-245-1024x683.jpg\" alt=\"\" data-id=\"66\" data-link=\"https:\/\/studio8.at\/index.php\/studo\/komotfewo-245\/\" class=\"wp-image-66\" srcset=\"https:\/\/studio8.at\/wp-content\/uploads\/2021\/07\/komotfewo-245-1024x683.jpg 1024w, https:\/\/studio8.at\/wp-content\/uploads\/2021\/07\/komotfewo-245-300x200.jpg 300w, https:\/\/studio8.at\/wp-content\/uploads\/2021\/07\/komotfewo-245-768x512.jpg 768w\" sizes=\"auto, (max-width: 1024px) 100vw, 1024px\" \/><\/figure><\/li><\/ul>\n\n\n\n<figure class=\"wp-block-image\"><img loading=\"lazy\" decoding=\"async\" width=\"1024\" height=\"768\" src=\"https:\/\/studio8.at\/wp-content\/uploads\/2021\/07\/Bilder-Nacht_01-1-1024x768.jpg\" alt=\"\" class=\"wp-image-62\" srcset=\"https:\/\/studio8.at\/wp-content\/uploads\/2021\/07\/Bilder-Nacht_01-1.jpg 1024w, https:\/\/studio8.at\/wp-content\/uploads\/2021\/07\/Bilder-Nacht_01-1-300x225.jpg 300w, https:\/\/studio8.at\/wp-content\/uploads\/2021\/07\/Bilder-Nacht_01-1-768x576.jpg 768w\" sizes=\"auto, (max-width: 1024px) 100vw, 1024px\" \/><\/figure>\n\n\n\n<figure class=\"wp-block-image\"><img loading=\"lazy\" decoding=\"async\" width=\"768\" height=\"1024\" src=\"https:\/\/studio8.at\/wp-content\/uploads\/2021\/07\/Fassade-Regenbogenfahne_2021_04_15-768x1024.jpg\" alt=\"\" class=\"wp-image-63\" srcset=\"https:\/\/studio8.at\/wp-content\/uploads\/2021\/07\/Fassade-Regenbogenfahne_2021_04_15-768x1024.jpg 768w, https:\/\/studio8.at\/wp-content\/uploads\/2021\/07\/Fassade-Regenbogenfahne_2021_04_15-225x300.jpg 225w, https:\/\/studio8.at\/wp-content\/uploads\/2021\/07\/Fassade-Regenbogenfahne_2021_04_15.jpg 1200w\" sizes=\"auto, (max-width: 768px) 100vw, 768px\" \/><\/figure>\n","protected":false},"excerpt":{"rendered":"<p>WAS ? Das Ferienappartement Stud!o_8 wurde 2020 im Zentrum der Gemeinde Bezau, in \u00f6kologischer Bauweise als Wohn und Gesch\u00e4ftshaus \u2013 genannt \u201eKomot\u201c \u2010 errichtet. Das Geb\u00e4ude beherbergt nicht nur das Appartement Studio 8 im zweiten Obergeschoss (welches barrierefrei mit Lift erreichbar ist), sondern auch einige Gesch\u00e4fte und Gastronomie, im Erdgeschoss. In drei Minuten Gehzeit sind [&hellip;]<\/p>\n","protected":false},"author":1,"featured_media":0,"parent":0,"menu_order":0,"comment_status":"closed","ping_status":"closed","template":"","meta":{"footnotes":""},"class_list":["post-24","page","type-page","status-publish","hentry"],"_links":{"self":[{"href":"https:\/\/studio8.at\/index.php\/wp-json\/wp\/v2\/pages\/24","targetHints":{"allow":["GET"]}}],"collection":[{"href":"https:\/\/studio8.at\/index.php\/wp-json\/wp\/v2\/pages"}],"about":[{"href":"https:\/\/studio8.at\/index.php\/wp-json\/wp\/v2\/types\/page"}],"author":[{"embeddable":true,"href":"https:\/\/studio8.at\/index.php\/wp-json\/wp\/v2\/users\/1"}],"replies":[{"embeddable":true,"href":"https:\/\/studio8.at\/index.php\/wp-json\/wp\/v2\/comments?post=24"}],"version-history":[{"count":6,"href":"https:\/\/studio8.at\/index.php\/wp-json\/wp\/v2\/pages\/24\/revisions"}],"predecessor-version":[{"id":306,"href":"https:\/\/studio8.at\/index.php\/wp-json\/wp\/v2\/pages\/24\/revisions\/306"}],"wp:attachment":[{"href":"https:\/\/studio8.at\/index.php\/wp-json\/wp\/v2\/media?parent=24"}],"curies":[{"name":"wp","href":"https:\/\/api.w.org\/{rel}","templated":true}]}}